{"id":807,"date":"2024-03-15T21:19:50","date_gmt":"2024-03-16T02:19:50","guid":{"rendered":"https:\/\/mmutti.com\/index.php\/product\/short-dama-lia-belen\/"},"modified":"2025-09-30T09:43:35","modified_gmt":"2025-09-30T14:43:35","slug":"short-dama-lia-belen","status":"publish","type":"product","link":"https:\/\/www.mmutti.com\/index.php\/product\/short-dama-lia-belen\/","title":{"rendered":"Short Dama &#8211; Lia (Bel\u00e9n)"},"content":{"rendered":"<section class=\"s_text_block\" data-name=\"Text block\">\n<div class=\"container\">\n<div class=\"row\">\n<div class=\"col-lg-12 pt0 pb0\">\n<p><strong>Short con Pinzas Delanteras y Dobladillo Guarda Polvo en Lino Ol\u00e1n R\u00edgido &#8211; Verde Biche<\/strong><\/p>\n<p>A\u00f1ade un toque de elegancia y sofisticaci\u00f3n a tu guardarropa con este exquisito short confeccionado en lino ol\u00e1n r\u00edgido de color verde biche. Dise\u00f1ado para resaltar tu estilo, este short combina detalles cuidadosamente elaborados con un ajuste c\u00f3modo y favorecedor.<\/p>\n<p><strong>Caracter\u00edsticas del producto:<\/strong><\/p>\n<ul>\n<li><strong>Dise\u00f1o:<\/strong> Pinzas delanteras que realzan la figura, creando una silueta estilizada y elegante.<\/li>\n<li><strong>Cierre delantero:<\/strong> Pr\u00e1ctico cierre frontal con un bot\u00f3n forrado a juego que a\u00f1ade un toque de refinamiento.<\/li>\n<li><strong>Dobladillo guarda polvo:<\/strong> Elegante dobladillo guarda polvo que asegura un acabado pulido y duradero.<\/li>\n<li><strong>Material:<\/strong> Confeccionado en lino ol\u00e1n r\u00edgido, un tejido de alta calidad que ofrece una estructura firme y un aspecto sofisticado.<\/li>\n<li><strong>Color:<\/strong> Verde biche, un tono vibrante y fresco que a\u00f1adir\u00e1 un toque de color a tu outfit.<\/li>\n<\/ul>\n<p><strong>Estilo y Versatilidad:<\/strong><br \/>\nEste short es perfecto para cualquier ocasi\u00f3n, desde una salida casual hasta eventos m\u00e1s formales. Comb\u00ednalo con una blusa elegante y tacones para un look chic, o con una camiseta y sandalias para un estilo relajado pero con clase.<\/p>\n<p>&nbsp;<\/p>\n<p>Este short es una adici\u00f3n imprescindible para cualquier armario moderno, ofreciendo una mezcla ideal de estilo, comodidad y durabilidad. \u00a1A\u00f1\u00e1delo a tu carrito y eleva tu estilo al siguiente nivel con esta prenda vers\u00e1til y sofisticada en vibrante verde biche!<\/p>\n<\/div>\n<\/div>\n<\/div>\n<\/section>\n","protected":false},"excerpt":{"rendered":"<p>Sin Descripci\u00f3n Corta<\/p>\n","protected":false},"featured_media":3354,"comment_status":"open","ping_status":"closed","template":"","meta":{"site-sidebar-layout":"default","site-content-layout":"","ast-site-content-layout":"default","site-content-style":"default","site-sidebar-style":"default","ast-global-header-display":"","ast-banner-title-visibility":"","ast-main-header-display":"","ast-hfb-above-header-display":"","ast-hfb-below-header-display":"","ast-hfb-mobile-header-display":"","site-post-title":"","ast-breadcrumbs-content":"","ast-featured-img":"","footer-sml-layout":"","theme-transparent-header-meta":"default","adv-header-id-meta":"","stick-header-meta":"","header-above-stick-meta":"","header-main-stick-meta":"","header-below-stick-meta":"","astra-migrate-meta-layouts":"set","ast-page-background-enabled":"default","ast-page-background-meta":{"desktop":{"background-color":"var(--ast-global-color-4)","background-image":"","background-repeat":"repeat","background-position":"center center","background-size":"auto","background-attachment":"scroll","background-type":"","background-media":"","overlay-type":"","overlay-color":"","overlay-opacity":"","overlay-gradient":""},"tablet":{"background-color":"","background-image":"","background-repeat":"repeat","background-position":"center center","background-size":"auto","background-attachment":"scroll","background-type":"","background-media":"","overlay-type":"","overlay-color":"","overlay-opacity":"","overlay-gradient":""},"mobile":{"background-color":"","background-image":"","background-repeat":"repeat","background-position":"center center","background-size":"auto","background-attachment":"scroll","background-type":"","background-media":"","overlay-type":"","overlay-color":"","overlay-opacity":"","overlay-gradient":""}},"ast-content-background-meta":{"desktop":{"background-color":"var(--ast-global-color-5)","background-image":"","background-repeat":"repeat","background-position":"center center","background-size":"auto","background-attachment":"scroll","background-type":"","background-media":"","overlay-type":"","overlay-color":"","overlay-opacity":"","overlay-gradient":""},"tablet":{"background-color":"var(--ast-global-color-5)","background-image":"","background-repeat":"repeat","background-position":"center center","background-size":"auto","background-attachment":"scroll","background-type":"","background-media":"","overlay-type":"","overlay-color":"","overlay-opacity":"","overlay-gradient":""},"mobile":{"background-color":"var(--ast-global-color-5)","background-image":"","background-repeat":"repeat","background-position":"center center","background-size":"auto","background-attachment":"scroll","background-type":"","background-media":"","overlay-type":"","overlay-color":"","overlay-opacity":"","overlay-gradient":""}},"advanced_seo_description":"","jetpack_seo_html_title":"","jetpack_seo_noindex":false,"jetpack_post_was_ever_published":false,"_joinchat":[]},"pwb-brand":[],"product_cat":[23,28],"product_tag":[220,221,230],"class_list":{"0":"post-807","1":"product","2":"type-product","3":"status-publish","4":"has-post-thumbnail","6":"product_cat-ropa","7":"product_cat-ropa-dama","8":"product_tag-blusa-carnavalera","9":"product_tag-blusa-con-escote","10":"product_tag-camisa-para-mujer","11":"desktop-align-left","12":"tablet-align-left","13":"mobile-align-left","15":"first","16":"instock","17":"taxable","18":"shipping-taxable","19":"purchasable","20":"product-type-simple","21":"add-to-wishlist-after_add_to_cart"},"jetpack_likes_enabled":false,"jetpack_sharing_enabled":true,"brands":[],"_links":{"self":[{"href":"https:\/\/www.mmutti.com\/index.php\/wp-json\/wp\/v2\/product\/807","targetHints":{"allow":["GET"]}}],"collection":[{"href":"https:\/\/www.mmutti.com\/index.php\/wp-json\/wp\/v2\/product"}],"about":[{"href":"https:\/\/www.mmutti.com\/index.php\/wp-json\/wp\/v2\/types\/product"}],"replies":[{"embeddable":true,"href":"https:\/\/www.mmutti.com\/index.php\/wp-json\/wp\/v2\/comments?post=807"}],"wp:featuredmedia":[{"embeddable":true,"href":"https:\/\/www.mmutti.com\/index.php\/wp-json\/wp\/v2\/media\/3354"}],"wp:attachment":[{"href":"https:\/\/www.mmutti.com\/index.php\/wp-json\/wp\/v2\/media?parent=807"}],"wp:term":[{"taxonomy":"pwb-brand","embeddable":true,"href":"https:\/\/www.mmutti.com\/index.php\/wp-json\/wp\/v2\/pwb-brand?post=807"},{"taxonomy":"product_cat","embeddable":true,"href":"https:\/\/www.mmutti.com\/index.php\/wp-json\/wp\/v2\/product_cat?post=807"},{"taxonomy":"product_tag","embeddable":true,"href":"https:\/\/www.mmutti.com\/index.php\/wp-json\/wp\/v2\/product_tag?post=807"}],"curies":[{"name":"wp","href":"https:\/\/api.w.org\/{rel}","templated":true}]}}