{"id":804,"date":"2024-03-15T21:19:44","date_gmt":"2024-03-16T02:19:44","guid":{"rendered":"https:\/\/mmutti.com\/index.php\/product\/blusa-nina-candy-belen\/"},"modified":"2025-09-30T09:43:22","modified_gmt":"2025-09-30T14:43:22","slug":"blusa-nina-candy-belen","status":"publish","type":"product","link":"https:\/\/www.mmutti.com\/index.php\/product\/blusa-nina-candy-belen\/","title":{"rendered":"Blusa Ni\u00f1a  &#8211; Candy (Bel\u00e9n)"},"content":{"rendered":"<section class='s_text_block' data-name='Text block'>\n<div class='container'>\n<div class='row'>\n<div class='col-lg-12 pb0 pt0'>\n<p><strong>Blusa para Ni\u00f1a con Arandelas en la Cintura y Amarre en la Espalda en Anti-fluido Sublimado &#8211; Colores Rojos y Tropicales<\/strong><\/p>\n<p style='text-align: justify'>Haz que tu peque\u00f1a luzca encantadora y a la moda con esta hermosa blusa dise\u00f1ada para resaltar su estilo \u00fanico. Confeccionada en anti-fluido sublimado, esta prenda ofrece una combinaci\u00f3n perfecta de elegancia y funcionalidad, ideal para cualquier ocasi\u00f3n.<\/p>\n<p><strong>Caracter\u00edsticas del producto:<\/strong><\/p>\n<ul>\n<li><strong>Dise\u00f1o:<\/strong> Arandelas en la cintura que crean una silueta femenina y favorecedora, a\u00f1adiendo un toque coqueto y elegante.<\/li>\n<li><strong>Amarre en la espalda:<\/strong> Un dise\u00f1o ajustable que permite un ajuste personalizado, proporcionando tanto estilo como confort.<\/li>\n<li><strong>Hilo el\u00e1stico en la espalda:<\/strong> Asegura un ajuste c\u00f3modo y flexible, adapt\u00e1ndose perfectamente a la figura de tu ni\u00f1a.<\/li>\n<li><strong>Material:<\/strong> Elaborado en anti-fluido sublimado, que no solo es resistente y duradero, sino que tambi\u00e9n proporciona protecci\u00f3n adicional contra salpicaduras y manchas.<\/li>\n<li><strong>Colores:<\/strong> Vibrantes tonos rojos y tropicales que aportan frescura y vitalidad a su outfit.<\/li>\n<\/ul>\n<p style='text-align: justify'><strong>Estilo y Versatilidad:<\/strong> Esta blusa es perfecta para una variedad de ocasiones, desde salidas casuales hasta eventos m\u00e1s formales. Su dise\u00f1o vers\u00e1til y sus colores llamativos la convierten en una pieza imprescindible en cualquier guardarropa infantil.<\/p>\n<\/p><\/div>\n<\/p><\/div>\n<\/p><\/div>\n<\/section>\n","protected":false},"excerpt":{"rendered":"<p>Sin Descripci\u00f3n Corta<\/p>\n","protected":false},"featured_media":2364,"comment_status":"open","ping_status":"closed","template":"","meta":{"site-sidebar-layout":"default","site-content-layout":"","ast-site-content-layout":"","site-content-style":"default","site-sidebar-style":"default","ast-global-header-display":"","ast-banner-title-visibility":"","ast-main-header-display":"","ast-hfb-above-header-display":"","ast-hfb-below-header-display":"","ast-hfb-mobile-header-display":"","site-post-title":"","ast-breadcrumbs-content":"","ast-featured-img":"","footer-sml-layout":"","theme-transparent-header-meta":"","adv-header-id-meta":"","stick-header-meta":"","header-above-stick-meta":"","header-main-stick-meta":"","header-below-stick-meta":"","astra-migrate-meta-layouts":"default","ast-page-background-enabled":"default","ast-page-background-meta":{"desktop":{"background-color":"var(--ast-global-color-4)","background-image":"","background-repeat":"repeat","background-position":"center center","background-size":"auto","background-attachment":"scroll","background-type":"","background-media":"","overlay-type":"","overlay-color":"","overlay-opacity":"","overlay-gradient":""},"tablet":{"background-color":"","background-image":"","background-repeat":"repeat","background-position":"center center","background-size":"auto","background-attachment":"scroll","background-type":"","background-media":"","overlay-type":"","overlay-color":"","overlay-opacity":"","overlay-gradient":""},"mobile":{"background-color":"","background-image":"","background-repeat":"repeat","background-position":"center center","background-size":"auto","background-attachment":"scroll","background-type":"","background-media":"","overlay-type":"","overlay-color":"","overlay-opacity":"","overlay-gradient":""}},"ast-content-background-meta":{"desktop":{"background-color":"var(--ast-global-color-5)","background-image":"","background-repeat":"repeat","background-position":"center center","background-size":"auto","background-attachment":"scroll","background-type":"","background-media":"","overlay-type":"","overlay-color":"","overlay-opacity":"","overlay-gradient":""},"tablet":{"background-color":"var(--ast-global-color-5)","background-image":"","background-repeat":"repeat","background-position":"center center","background-size":"auto","background-attachment":"scroll","background-type":"","background-media":"","overlay-type":"","overlay-color":"","overlay-opacity":"","overlay-gradient":""},"mobile":{"background-color":"var(--ast-global-color-5)","background-image":"","background-repeat":"repeat","background-position":"center center","background-size":"auto","background-attachment":"scroll","background-type":"","background-media":"","overlay-type":"","overlay-color":"","overlay-opacity":"","overlay-gradient":""}},"advanced_seo_description":"","jetpack_seo_html_title":"","jetpack_seo_noindex":false,"jetpack_post_was_ever_published":false,"_joinchat":[]},"pwb-brand":[],"product_cat":[23,30],"product_tag":[238,342,371,372,373],"class_list":{"0":"post-804","1":"product","2":"type-product","3":"status-publish","4":"has-post-thumbnail","6":"product_cat-ropa","7":"product_cat-ropa-ninas","8":"product_tag-conjuntos-para-nina","9":"product_tag-ropa-para-bautizo-nina","10":"product_tag-vestido-elegante-para-nina","11":"product_tag-vestido-para-nina","12":"product_tag-vestido-sotisficado-para-nina","13":"desktop-align-left","14":"tablet-align-left","15":"mobile-align-left","17":"first","18":"instock","19":"taxable","20":"shipping-taxable","21":"purchasable","22":"product-type-simple","23":"add-to-wishlist-after_add_to_cart"},"jetpack_likes_enabled":false,"jetpack_sharing_enabled":true,"brands":[],"_links":{"self":[{"href":"https:\/\/www.mmutti.com\/index.php\/wp-json\/wp\/v2\/product\/804","targetHints":{"allow":["GET"]}}],"collection":[{"href":"https:\/\/www.mmutti.com\/index.php\/wp-json\/wp\/v2\/product"}],"about":[{"href":"https:\/\/www.mmutti.com\/index.php\/wp-json\/wp\/v2\/types\/product"}],"replies":[{"embeddable":true,"href":"https:\/\/www.mmutti.com\/index.php\/wp-json\/wp\/v2\/comments?post=804"}],"wp:featuredmedia":[{"embeddable":true,"href":"https:\/\/www.mmutti.com\/index.php\/wp-json\/wp\/v2\/media\/2364"}],"wp:attachment":[{"href":"https:\/\/www.mmutti.com\/index.php\/wp-json\/wp\/v2\/media?parent=804"}],"wp:term":[{"taxonomy":"pwb-brand","embeddable":true,"href":"https:\/\/www.mmutti.com\/index.php\/wp-json\/wp\/v2\/pwb-brand?post=804"},{"taxonomy":"product_cat","embeddable":true,"href":"https:\/\/www.mmutti.com\/index.php\/wp-json\/wp\/v2\/product_cat?post=804"},{"taxonomy":"product_tag","embeddable":true,"href":"https:\/\/www.mmutti.com\/index.php\/wp-json\/wp\/v2\/product_tag?post=804"}],"curies":[{"name":"wp","href":"https:\/\/api.w.org\/{rel}","templated":true}]}}