{"id":796,"date":"2024-03-15T21:19:29","date_gmt":"2024-03-16T02:19:29","guid":{"rendered":"https:\/\/mmutti.com\/index.php\/product\/vestido-de-nina-rosauro-belen\/"},"modified":"2025-09-30T09:42:45","modified_gmt":"2025-09-30T14:42:45","slug":"vestido-de-nina-rosauro-belen","status":"publish","type":"product","link":"https:\/\/www.mmutti.com\/index.php\/product\/vestido-de-nina-rosauro-belen\/","title":{"rendered":"Vestido de Ni\u00f1a  &#8211; Rosaura (Bel\u00e9n)"},"content":{"rendered":"<section class=\"s_text_block\" data-name=\"Text block\">\n<div class=\"container\">\n<div class=\"row\">\n<div class=\"col-lg-12 pt32 pb120\">\n<p><strong>Vestido para Ni\u00f1a con Blusa Drap\u00e9ada y Mangas con El\u00e1stico en Jorget Sublimado &#8211; Colores Fucsia y Beige<\/strong><\/p>\n<p>Haz que tu peque\u00f1a luzca adorable y a la moda con este encantador vestido, dise\u00f1ado para ofrecer estilo y comodidad en cualquier ocasi\u00f3n. Confeccionado en jorget sublimado, este vestido combina elegancia y frescura, ideal para los d\u00edas m\u00e1s especiales.<\/p>\n<p><strong>Caracter\u00edsticas del producto:<\/strong><\/p>\n<ul>\n<li><strong>Dise\u00f1o:<\/strong> Blusa drap\u00e9ada que a\u00f1ade un toque sofisticado y elegante al vestido.<\/li>\n<li><strong>Mangas con el\u00e1stico:<\/strong> Mangas c\u00f3modas y ajustables que aseguran un buen ajuste y permiten libertad de movimiento.<\/li>\n<li><strong>Material:<\/strong> Elaborado en jorget sublimado, un tejido ligero y transpirable que mantiene a tu ni\u00f1a c\u00f3moda durante todo el d\u00eda.<\/li>\n<li><strong>Colores:<\/strong> Una hermosa combinaci\u00f3n de fucsia vibrante y beige suave, que aporta un toque alegre y delicado a su outfit.<\/li>\n<\/ul>\n<p><strong>Estilo y Versatilidad:<\/strong><br \/>\nEste vestido es perfecto para una variedad de ocasiones, desde fiestas y eventos familiares hasta salidas casuales. Su dise\u00f1o elegante y los colores llamativos lo convierten en una pieza esencial en el guardarropa infantil.<\/p>\n<\/div>\n<\/div>\n<\/div>\n<\/section>\n","protected":false},"excerpt":{"rendered":"<p>Sin Descripci\u00f3n Corta<\/p>\n","protected":false},"featured_media":3360,"comment_status":"open","ping_status":"closed","template":"","meta":{"site-sidebar-layout":"default","site-content-layout":"","ast-site-content-layout":"default","site-content-style":"default","site-sidebar-style":"default","ast-global-header-display":"","ast-banner-title-visibility":"","ast-main-header-display":"","ast-hfb-above-header-display":"","ast-hfb-below-header-display":"","ast-hfb-mobile-header-display":"","site-post-title":"","ast-breadcrumbs-content":"","ast-featured-img":"","footer-sml-layout":"","theme-transparent-header-meta":"default","adv-header-id-meta":"","stick-header-meta":"","header-above-stick-meta":"","header-main-stick-meta":"","header-below-stick-meta":"","astra-migrate-meta-layouts":"set","ast-page-background-enabled":"default","ast-page-background-meta":{"desktop":{"background-color":"var(--ast-global-color-4)","background-image":"","background-repeat":"repeat","background-position":"center center","background-size":"auto","background-attachment":"scroll","background-type":"","background-media":"","overlay-type":"","overlay-color":"","overlay-opacity":"","overlay-gradient":""},"tablet":{"background-color":"","background-image":"","background-repeat":"repeat","background-position":"center center","background-size":"auto","background-attachment":"scroll","background-type":"","background-media":"","overlay-type":"","overlay-color":"","overlay-opacity":"","overlay-gradient":""},"mobile":{"background-color":"","background-image":"","background-repeat":"repeat","background-position":"center center","background-size":"auto","background-attachment":"scroll","background-type":"","background-media":"","overlay-type":"","overlay-color":"","overlay-opacity":"","overlay-gradient":""}},"ast-content-background-meta":{"desktop":{"background-color":"var(--ast-global-color-5)","background-image":"","background-repeat":"repeat","background-position":"center center","background-size":"auto","background-attachment":"scroll","background-type":"","background-media":"","overlay-type":"","overlay-color":"","overlay-opacity":"","overlay-gradient":""},"tablet":{"background-color":"var(--ast-global-color-5)","background-image":"","background-repeat":"repeat","background-position":"center center","background-size":"auto","background-attachment":"scroll","background-type":"","background-media":"","overlay-type":"","overlay-color":"","overlay-opacity":"","overlay-gradient":""},"mobile":{"background-color":"var(--ast-global-color-5)","background-image":"","background-repeat":"repeat","background-position":"center center","background-size":"auto","background-attachment":"scroll","background-type":"","background-media":"","overlay-type":"","overlay-color":"","overlay-opacity":"","overlay-gradient":""}},"advanced_seo_description":"","jetpack_seo_html_title":"","jetpack_seo_noindex":false,"jetpack_post_was_ever_published":false,"_joinchat":[]},"pwb-brand":[],"product_cat":[23,30],"product_tag":[238,342,371,372,373],"class_list":{"0":"post-796","1":"product","2":"type-product","3":"status-publish","4":"has-post-thumbnail","6":"product_cat-ropa","7":"product_cat-ropa-ninas","8":"product_tag-conjuntos-para-nina","9":"product_tag-ropa-para-bautizo-nina","10":"product_tag-vestido-elegante-para-nina","11":"product_tag-vestido-para-nina","12":"product_tag-vestido-sotisficado-para-nina","13":"desktop-align-left","14":"tablet-align-left","15":"mobile-align-left","17":"first","18":"instock","19":"taxable","20":"shipping-taxable","21":"purchasable","22":"product-type-simple","23":"add-to-wishlist-after_add_to_cart"},"jetpack_likes_enabled":false,"jetpack_sharing_enabled":true,"brands":[],"_links":{"self":[{"href":"https:\/\/www.mmutti.com\/index.php\/wp-json\/wp\/v2\/product\/796","targetHints":{"allow":["GET"]}}],"collection":[{"href":"https:\/\/www.mmutti.com\/index.php\/wp-json\/wp\/v2\/product"}],"about":[{"href":"https:\/\/www.mmutti.com\/index.php\/wp-json\/wp\/v2\/types\/product"}],"replies":[{"embeddable":true,"href":"https:\/\/www.mmutti.com\/index.php\/wp-json\/wp\/v2\/comments?post=796"}],"wp:featuredmedia":[{"embeddable":true,"href":"https:\/\/www.mmutti.com\/index.php\/wp-json\/wp\/v2\/media\/3360"}],"wp:attachment":[{"href":"https:\/\/www.mmutti.com\/index.php\/wp-json\/wp\/v2\/media?parent=796"}],"wp:term":[{"taxonomy":"pwb-brand","embeddable":true,"href":"https:\/\/www.mmutti.com\/index.php\/wp-json\/wp\/v2\/pwb-brand?post=796"},{"taxonomy":"product_cat","embeddable":true,"href":"https:\/\/www.mmutti.com\/index.php\/wp-json\/wp\/v2\/product_cat?post=796"},{"taxonomy":"product_tag","embeddable":true,"href":"https:\/\/www.mmutti.com\/index.php\/wp-json\/wp\/v2\/product_tag?post=796"}],"curies":[{"name":"wp","href":"https:\/\/api.w.org\/{rel}","templated":true}]}}