{"id":760,"date":"2024-03-15T21:18:19","date_gmt":"2024-03-16T02:18:19","guid":{"rendered":"https:\/\/mmutti.com\/index.php\/product\/contorno-de-ojos-roll-on-bioaqua\/"},"modified":"2025-09-30T09:40:00","modified_gmt":"2025-09-30T14:40:00","slug":"contorno-de-ojos-roll-on-bioaqua","status":"publish","type":"product","link":"https:\/\/www.mmutti.com\/index.php\/product\/contorno-de-ojos-roll-on-bioaqua\/","title":{"rendered":"Contorno de Ojos Roll-on Bioaqua"},"content":{"rendered":"<section class='s_text_block' data-name='Text block'>\n<div class='container'>\n<div class='row'>\n<div class='col-lg-12 pt8 pb0'>\n<p class='lead'>Beneficios:<\/p>\n<ul>\n<li>\n<p class='lead'>Mejora la piel del contorno de los ojos.<\/p>\n<\/li>\n<li>\n<p class='lead'>Disminuye a largo plazo la hinchaz\u00f3n y la pigmentaci\u00f3n ojeras.<\/p>\n<\/li>\n<li>\n<p class='lead'>Prevenci\u00f3n de arrugas finas en el contorno de los ojos.<\/p>\n<\/li>\n<li>\n<p class='lead'>Mejora la zona de las ojeras con una apariencia fresca y descansada.<\/p>\n<\/li>\n<li>\n<p class='lead'>Hecho con ingredientes naturales.<\/p>\n<\/li>\n<li>\n<p class='lead'>Roll-on met\u00e1lico que facilita la aplicaci\u00f3n en la zona y favorece la absorci\u00f3n de ingredientes.<\/p>\n<\/li>\n<li>\n<p class='lead'>Nutre la piel y deja la piel hidratada durante mucho tiempo con una sensaci\u00f3n sedosa.<\/p>\n<\/li>\n<li>\n<p class='lead'>Hidratante y reafirmante revive la sequedad y las l\u00edneas finas.<\/p>\n<\/li>\n<\/ul>\n<div><\/div>\n<\/p><\/div>\n<\/p><\/div>\n<\/p><\/div>\n<\/section>\n","protected":false},"excerpt":{"rendered":"<p>Sin Descripci\u00f3n Corta<\/p>\n","protected":false},"featured_media":2398,"comment_status":"open","ping_status":"closed","template":"","meta":{"site-sidebar-layout":"default","site-content-layout":"","ast-site-content-layout":"","site-content-style":"default","site-sidebar-style":"default","ast-global-header-display":"","ast-banner-title-visibility":"","ast-main-header-display":"","ast-hfb-above-header-display":"","ast-hfb-below-header-display":"","ast-hfb-mobile-header-display":"","site-post-title":"","ast-breadcrumbs-content":"","ast-featured-img":"","footer-sml-layout":"","theme-transparent-header-meta":"","adv-header-id-meta":"","stick-header-meta":"","header-above-stick-meta":"","header-main-stick-meta":"","header-below-stick-meta":"","astra-migrate-meta-layouts":"default","ast-page-background-enabled":"default","ast-page-background-meta":{"desktop":{"background-color":"var(--ast-global-color-4)","background-image":"","background-repeat":"repeat","background-position":"center center","background-size":"auto","background-attachment":"scroll","background-type":"","background-media":"","overlay-type":"","overlay-color":"","overlay-opacity":"","overlay-gradient":""},"tablet":{"background-color":"","background-image":"","background-repeat":"repeat","background-position":"center center","background-size":"auto","background-attachment":"scroll","background-type":"","background-media":"","overlay-type":"","overlay-color":"","overlay-opacity":"","overlay-gradient":""},"mobile":{"background-color":"","background-image":"","background-repeat":"repeat","background-position":"center center","background-size":"auto","background-attachment":"scroll","background-type":"","background-media":"","overlay-type":"","overlay-color":"","overlay-opacity":"","overlay-gradient":""}},"ast-content-background-meta":{"desktop":{"background-color":"var(--ast-global-color-5)","background-image":"","background-repeat":"repeat","background-position":"center center","background-size":"auto","background-attachment":"scroll","background-type":"","background-media":"","overlay-type":"","overlay-color":"","overlay-opacity":"","overlay-gradient":""},"tablet":{"background-color":"var(--ast-global-color-5)","background-image":"","background-repeat":"repeat","background-position":"center center","background-size":"auto","background-attachment":"scroll","background-type":"","background-media":"","overlay-type":"","overlay-color":"","overlay-opacity":"","overlay-gradient":""},"mobile":{"background-color":"var(--ast-global-color-5)","background-image":"","background-repeat":"repeat","background-position":"center center","background-size":"auto","background-attachment":"scroll","background-type":"","background-media":"","overlay-type":"","overlay-color":"","overlay-opacity":"","overlay-gradient":""}},"advanced_seo_description":"","jetpack_seo_html_title":"","jetpack_seo_noindex":false,"jetpack_post_was_ever_published":false,"_joinchat":[]},"pwb-brand":[],"product_cat":[50,51,53],"product_tag":[253,254,255,256,257,258,279,280,281,282,309,310],"class_list":{"0":"post-760","1":"product","2":"type-product","3":"status-publish","4":"has-post-thumbnail","6":"product_cat-hidratacion","7":"product_cat-humectacion","8":"product_cat-nutricion","9":"product_tag-crema-hidratante","10":"product_tag-crema-humectante","11":"product_tag-crema-nutritiva","12":"product_tag-crema-para-hidratar","13":"product_tag-crema-para-humectar","14":"product_tag-crema-para-nutrir","15":"product_tag-hidratacion-diaria","16":"product_tag-hidratante-facial","17":"product_tag-humectacion-diaria","18":"product_tag-humectante-facial","19":"product_tag-nutricion-diaria","20":"product_tag-nutritiva-facial","21":"desktop-align-left","22":"tablet-align-left","23":"mobile-align-left","25":"first","26":"instock","27":"sale","28":"taxable","29":"shipping-taxable","30":"purchasable","31":"product-type-simple","32":"add-to-wishlist-after_add_to_cart"},"jetpack_likes_enabled":false,"jetpack_sharing_enabled":true,"brands":[],"_links":{"self":[{"href":"https:\/\/www.mmutti.com\/index.php\/wp-json\/wp\/v2\/product\/760","targetHints":{"allow":["GET"]}}],"collection":[{"href":"https:\/\/www.mmutti.com\/index.php\/wp-json\/wp\/v2\/product"}],"about":[{"href":"https:\/\/www.mmutti.com\/index.php\/wp-json\/wp\/v2\/types\/product"}],"replies":[{"embeddable":true,"href":"https:\/\/www.mmutti.com\/index.php\/wp-json\/wp\/v2\/comments?post=760"}],"wp:featuredmedia":[{"embeddable":true,"href":"https:\/\/www.mmutti.com\/index.php\/wp-json\/wp\/v2\/media\/2398"}],"wp:attachment":[{"href":"https:\/\/www.mmutti.com\/index.php\/wp-json\/wp\/v2\/media?parent=760"}],"wp:term":[{"taxonomy":"pwb-brand","embeddable":true,"href":"https:\/\/www.mmutti.com\/index.php\/wp-json\/wp\/v2\/pwb-brand?post=760"},{"taxonomy":"product_cat","embeddable":true,"href":"https:\/\/www.mmutti.com\/index.php\/wp-json\/wp\/v2\/product_cat?post=760"},{"taxonomy":"product_tag","embeddable":true,"href":"https:\/\/www.mmutti.com\/index.php\/wp-json\/wp\/v2\/product_tag?post=760"}],"curies":[{"name":"wp","href":"https:\/\/api.w.org\/{rel}","templated":true}]}}