{"id":3014,"date":"2024-12-06T10:12:19","date_gmt":"2024-12-06T15:12:19","guid":{"rendered":"https:\/\/www.mmutti.com\/index.php\/product\/bermuda-drill-color-camel-de-nino-ufx\/"},"modified":"2025-09-30T20:54:02","modified_gmt":"2025-10-01T01:54:02","slug":"bermuda-drill-color-camel-de-nino-ufx","status":"publish","type":"product","link":"https:\/\/www.mmutti.com\/index.php\/product\/bermuda-drill-color-camel-de-nino-ufx\/","title":{"rendered":"Bermuda Drill Color Camel de Ni\u00f1o &#8211; UFX"},"content":{"rendered":"<section class='s_text_block' data-name='Text block'>\n<div class='container'>\n<div class='row'>\n<div class='col-lg-12 pt0 pb0'>\n<p><strong>Bermuda para Ni\u00f1o en Lino Ol\u00e1n R\u00edgido con El\u00e1stico en la Cintura &#8211; Color Azul<\/strong><\/p>\n<p>Dale a tu peque\u00f1o un toque de estilo y comodidad con esta bermuda de alta calidad, perfecta para cualquier ocasi\u00f3n. Confeccionada en lino ol\u00e1n r\u00edgido, esta prenda combina durabilidad y frescura, ideal para los d\u00edas m\u00e1s activos.<\/p>\n<p><strong>Caracter\u00edsticas del producto:<\/strong><\/p>\n<ul>\n<li><strong>Dise\u00f1o:<\/strong> Bermuda cl\u00e1sica que ofrece un estilo atemporal y vers\u00e1til.<\/li>\n<li><strong>Color:<\/strong> Azul vibrante, f\u00e1cil de combinar con una variedad de camisetas y camisas.<\/li>\n<li><strong>Cintura el\u00e1stica:<\/strong> Proporciona un ajuste c\u00f3modo y seguro, permitiendo libertad de movimiento.<\/li>\n<li><strong>Material:<\/strong> Elaborada en lino ol\u00e1n r\u00edgido, un tejido resistente y transpirable que mantiene a tu ni\u00f1o fresco y c\u00f3modo durante todo el d\u00eda.<\/li>\n<\/ul>\n<p><strong>Estilo y Versatilidad:<\/strong><br \/>\nEsta bermuda es perfecta para diversas ocasiones, desde d\u00edas de juego en el parque hasta salidas familiares. Su dise\u00f1o sencillo y el color azul cl\u00e1sico la convierten en una pieza esencial en el guardarropa de cualquier ni\u00f1o.<\/p>\n<\/p><\/div>\n<\/p><\/div>\n<\/p><\/div>\n<\/section>\n","protected":false},"excerpt":{"rendered":"<p>Sin Descripci\u00f3n Corta<\/p>\n","protected":false},"featured_media":3319,"comment_status":"open","ping_status":"closed","template":"","meta":{"site-sidebar-layout":"default","site-content-layout":"","ast-site-content-layout":"","site-content-style":"default","site-sidebar-style":"default","ast-global-header-display":"","ast-banner-title-visibility":"","ast-main-header-display":"","ast-hfb-above-header-display":"","ast-hfb-below-header-display":"","ast-hfb-mobile-header-display":"","site-post-title":"","ast-breadcrumbs-content":"","ast-featured-img":"","footer-sml-layout":"","theme-transparent-header-meta":"","adv-header-id-meta":"","stick-header-meta":"","header-above-stick-meta":"","header-main-stick-meta":"","header-below-stick-meta":"","astra-migrate-meta-layouts":"default","ast-page-background-enabled":"default","ast-page-background-meta":{"desktop":{"background-color":"var(--ast-global-color-4)","background-image":"","background-repeat":"repeat","background-position":"center center","background-size":"auto","background-attachment":"scroll","background-type":"","background-media":"","overlay-type":"","overlay-color":"","overlay-opacity":"","overlay-gradient":""},"tablet":{"background-color":"","background-image":"","background-repeat":"repeat","background-position":"center center","background-size":"auto","background-attachment":"scroll","background-type":"","background-media":"","overlay-type":"","overlay-color":"","overlay-opacity":"","overlay-gradient":""},"mobile":{"background-color":"","background-image":"","background-repeat":"repeat","background-position":"center center","background-size":"auto","background-attachment":"scroll","background-type":"","background-media":"","overlay-type":"","overlay-color":"","overlay-opacity":"","overlay-gradient":""}},"ast-content-background-meta":{"desktop":{"background-color":"var(--ast-global-color-5)","background-image":"","background-repeat":"repeat","background-position":"center center","background-size":"auto","background-attachment":"scroll","background-type":"","background-media":"","overlay-type":"","overlay-color":"","overlay-opacity":"","overlay-gradient":""},"tablet":{"background-color":"var(--ast-global-color-5)","background-image":"","background-repeat":"repeat","background-position":"center center","background-size":"auto","background-attachment":"scroll","background-type":"","background-media":"","overlay-type":"","overlay-color":"","overlay-opacity":"","overlay-gradient":""},"mobile":{"background-color":"var(--ast-global-color-5)","background-image":"","background-repeat":"repeat","background-position":"center center","background-size":"auto","background-attachment":"scroll","background-type":"","background-media":"","overlay-type":"","overlay-color":"","overlay-opacity":"","overlay-gradient":""}},"advanced_seo_description":"","jetpack_seo_html_title":"","jetpack_seo_noindex":false,"jetpack_post_was_ever_published":false,"_joinchat":[]},"pwb-brand":[],"product_cat":[23,27],"product_tag":[228,237,239,343],"class_list":{"0":"post-3014","1":"product","2":"type-product","3":"status-publish","4":"has-post-thumbnail","6":"product_cat-ropa","7":"product_cat-ropa-ninos","8":"product_tag-camisa-de-nino","9":"product_tag-conjunto-deportivo-para-nino","10":"product_tag-conjunto-sport-para-nino","11":"product_tag-ropa-para-bautizo-nino","12":"desktop-align-left","13":"tablet-align-left","14":"mobile-align-left","16":"first","17":"instock","18":"taxable","19":"shipping-taxable","20":"purchasable","21":"product-type-variable","22":"add-to-wishlist-after_add_to_cart"},"jetpack_likes_enabled":false,"jetpack_sharing_enabled":true,"brands":[],"_links":{"self":[{"href":"https:\/\/www.mmutti.com\/index.php\/wp-json\/wp\/v2\/product\/3014","targetHints":{"allow":["GET"]}}],"collection":[{"href":"https:\/\/www.mmutti.com\/index.php\/wp-json\/wp\/v2\/product"}],"about":[{"href":"https:\/\/www.mmutti.com\/index.php\/wp-json\/wp\/v2\/types\/product"}],"replies":[{"embeddable":true,"href":"https:\/\/www.mmutti.com\/index.php\/wp-json\/wp\/v2\/comments?post=3014"}],"wp:featuredmedia":[{"embeddable":true,"href":"https:\/\/www.mmutti.com\/index.php\/wp-json\/wp\/v2\/media\/3319"}],"wp:attachment":[{"href":"https:\/\/www.mmutti.com\/index.php\/wp-json\/wp\/v2\/media?parent=3014"}],"wp:term":[{"taxonomy":"pwb-brand","embeddable":true,"href":"https:\/\/www.mmutti.com\/index.php\/wp-json\/wp\/v2\/pwb-brand?post=3014"},{"taxonomy":"product_cat","embeddable":true,"href":"https:\/\/www.mmutti.com\/index.php\/wp-json\/wp\/v2\/product_cat?post=3014"},{"taxonomy":"product_tag","embeddable":true,"href":"https:\/\/www.mmutti.com\/index.php\/wp-json\/wp\/v2\/product_tag?post=3014"}],"curies":[{"name":"wp","href":"https:\/\/api.w.org\/{rel}","templated":true}]}}