{"id":1917,"date":"2024-04-30T10:50:08","date_gmt":"2024-04-30T15:50:08","guid":{"rendered":"https:\/\/www.mmutti.com\/index.php\/product\/kit-de-cejas-en-sombra-ushas-2\/"},"modified":"2025-09-30T20:31:25","modified_gmt":"2025-10-01T01:31:25","slug":"kit-de-cejas-en-sombra-ushas-2","status":"publish","type":"product","link":"https:\/\/www.mmutti.com\/index.php\/product\/kit-de-cejas-en-sombra-ushas-2\/","title":{"rendered":"Kit de Cejas en Sombra &#8211; USHAS"},"content":{"rendered":"<section class=\"s_text_block\" data-name=\"Text block\">\n<div class=\"container\">\n<div class=\"row\">\n<div class=\"col-lg-12 pt16 pb0\">\n<h3 data-start=\"131\" data-end=\"167\">\u2728 Kit de Cejas en Sombra &#8211; USHAS<\/h3>\n<p data-start=\"169\" data-end=\"493\">Luce unas cejas perfectamente definidas con este pr\u00e1ctico kit de sombras de Ushas. Con tres tonos vers\u00e1tiles en una sola paleta, puedes rellenar, dar forma y lograr un acabado natural o m\u00e1s marcado seg\u00fan tu estilo. Su excelente pigmentaci\u00f3n y formato compacto lo convierten en el aliado ideal para llevar en tu cosmetiquera.<\/p>\n<p data-start=\"495\" data-end=\"524\">\ud83c\udf1f <strong data-start=\"498\" data-end=\"524\">Beneficios destacados:<\/strong><\/p>\n<p data-start=\"526\" data-end=\"843\">\u25aa\ufe0f Resalta tu belleza natural al definir tus cejas.<br data-start=\"577\" data-end=\"580\" \/>\u25aa\ufe0f Tres tonos en una sola paleta para mezclar y adaptar.<br data-start=\"636\" data-end=\"639\" \/>\u25aa\ufe0f Pigmentaci\u00f3n intensa y duradera.<br data-start=\"674\" data-end=\"677\" \/>\u25aa\ufe0f Ideal para rellenar, dar forma o corregir cejas.<br data-start=\"728\" data-end=\"731\" \/>\u25aa\ufe0f Incluye espejo y aplicador para mayor comodidad.<br data-start=\"782\" data-end=\"785\" \/>\u25aa\ufe0f Tama\u00f1o compacto, perfecto para llevar a todas partes.<\/p>\n<\/div>\n<\/div>\n<\/div>\n<\/section>\n","protected":false},"excerpt":{"rendered":"<h3 data-start=\"850\" data-end=\"902\">\u2728 Kit de Cejas en Sombra &#8211; USHAS<\/h3>\n<p data-start=\"904\" data-end=\"1050\">\u25aa\ufe0f Paleta con 3 tonos de sombra para cejas.<br data-start=\"947\" data-end=\"950\" \/>\u25aa\ufe0f Pigmentaci\u00f3n intensa y f\u00e1cil de aplicar.<br data-start=\"993\" data-end=\"996\" \/>\u25aa\ufe0f Realza la mirada con cejas definidas y naturales.<\/p>\n","protected":false},"featured_media":3930,"comment_status":"open","ping_status":"closed","template":"","meta":{"site-sidebar-layout":"default","site-content-layout":"","ast-site-content-layout":"default","site-content-style":"default","site-sidebar-style":"default","ast-global-header-display":"","ast-banner-title-visibility":"","ast-main-header-display":"","ast-hfb-above-header-display":"","ast-hfb-below-header-display":"","ast-hfb-mobile-header-display":"","site-post-title":"","ast-breadcrumbs-content":"","ast-featured-img":"","footer-sml-layout":"","theme-transparent-header-meta":"default","adv-header-id-meta":"","stick-header-meta":"","header-above-stick-meta":"","header-main-stick-meta":"","header-below-stick-meta":"","astra-migrate-meta-layouts":"set","ast-page-background-enabled":"default","ast-page-background-meta":{"desktop":{"background-color":"var(--ast-global-color-4)","background-image":"","background-repeat":"repeat","background-position":"center center","background-size":"auto","background-attachment":"scroll","background-type":"","background-media":"","overlay-type":"","overlay-color":"","overlay-opacity":"","overlay-gradient":""},"tablet":{"background-color":"","background-image":"","background-repeat":"repeat","background-position":"center center","background-size":"auto","background-attachment":"scroll","background-type":"","background-media":"","overlay-type":"","overlay-color":"","overlay-opacity":"","overlay-gradient":""},"mobile":{"background-color":"","background-image":"","background-repeat":"repeat","background-position":"center center","background-size":"auto","background-attachment":"scroll","background-type":"","background-media":"","overlay-type":"","overlay-color":"","overlay-opacity":"","overlay-gradient":""}},"ast-content-background-meta":{"desktop":{"background-color":"var(--ast-global-color-5)","background-image":"","background-repeat":"repeat","background-position":"center center","background-size":"auto","background-attachment":"scroll","background-type":"","background-media":"","overlay-type":"","overlay-color":"","overlay-opacity":"","overlay-gradient":""},"tablet":{"background-color":"var(--ast-global-color-5)","background-image":"","background-repeat":"repeat","background-position":"center center","background-size":"auto","background-attachment":"scroll","background-type":"","background-media":"","overlay-type":"","overlay-color":"","overlay-opacity":"","overlay-gradient":""},"mobile":{"background-color":"var(--ast-global-color-5)","background-image":"","background-repeat":"repeat","background-position":"center center","background-size":"auto","background-attachment":"scroll","background-type":"","background-media":"","overlay-type":"","overlay-color":"","overlay-opacity":"","overlay-gradient":""}},"advanced_seo_description":"","jetpack_seo_html_title":"","jetpack_seo_noindex":false,"jetpack_post_was_ever_published":false,"_joinchat":[]},"pwb-brand":[390],"product_cat":[42],"product_tag":[311,312,313,358,360,361],"class_list":{"0":"post-1917","1":"product","2":"type-product","3":"status-publish","4":"has-post-thumbnail","6":"pwb-brand-ushas","7":"product_cat-sombras","8":"product_tag-paleta-con-buena-pigmentacion","9":"product_tag-paleta-de-sombra","10":"product_tag-paleta-economica","11":"product_tag-sombra-compacto","12":"product_tag-sombra-liquida","13":"product_tag-sombra-satinada","14":"desktop-align-left","15":"tablet-align-left","16":"mobile-align-left","18":"first","19":"instock","20":"sale","21":"taxable","22":"shipping-taxable","23":"purchasable","24":"product-type-variable","25":"add-to-wishlist-after_add_to_cart"},"jetpack_likes_enabled":false,"jetpack_sharing_enabled":true,"brands":[{"id":390,"name":"Ushas","slug":"ushas"}],"_links":{"self":[{"href":"https:\/\/www.mmutti.com\/index.php\/wp-json\/wp\/v2\/product\/1917","targetHints":{"allow":["GET"]}}],"collection":[{"href":"https:\/\/www.mmutti.com\/index.php\/wp-json\/wp\/v2\/product"}],"about":[{"href":"https:\/\/www.mmutti.com\/index.php\/wp-json\/wp\/v2\/types\/product"}],"replies":[{"embeddable":true,"href":"https:\/\/www.mmutti.com\/index.php\/wp-json\/wp\/v2\/comments?post=1917"}],"wp:featuredmedia":[{"embeddable":true,"href":"https:\/\/www.mmutti.com\/index.php\/wp-json\/wp\/v2\/media\/3930"}],"wp:attachment":[{"href":"https:\/\/www.mmutti.com\/index.php\/wp-json\/wp\/v2\/media?parent=1917"}],"wp:term":[{"taxonomy":"pwb-brand","embeddable":true,"href":"https:\/\/www.mmutti.com\/index.php\/wp-json\/wp\/v2\/pwb-brand?post=1917"},{"taxonomy":"product_cat","embeddable":true,"href":"https:\/\/www.mmutti.com\/index.php\/wp-json\/wp\/v2\/product_cat?post=1917"},{"taxonomy":"product_tag","embeddable":true,"href":"https:\/\/www.mmutti.com\/index.php\/wp-json\/wp\/v2\/product_tag?post=1917"}],"curies":[{"name":"wp","href":"https:\/\/api.w.org\/{rel}","templated":true}]}}