{"id":1812,"date":"2024-04-30T09:09:41","date_gmt":"2024-04-30T14:09:41","guid":{"rendered":"https:\/\/www.mmutti.com\/index.php\/product\/tinta-de-labios-botella-de-vino-man-zi-miao\/"},"modified":"2025-09-30T21:00:01","modified_gmt":"2025-10-01T02:00:01","slug":"tinta-de-labios-botella-de-vino-man-zi-miao","status":"publish","type":"product","link":"https:\/\/www.mmutti.com\/index.php\/product\/tinta-de-labios-botella-de-vino-man-zi-miao\/","title":{"rendered":"Tinta de Labios Botella de Vino &#8211; Man Zi Miao"},"content":{"rendered":"<h3 data-start=\"147\" data-end=\"197\">\ud83c\udf77 Tinta de Labios Botella de Vino &#8211; Man Zi Miao<\/h3>\n<p data-start=\"199\" data-end=\"566\">Dale a tus labios un toque \u00fanico con esta encantadora tinta en forma de botella de vino. La <strong data-start=\"291\" data-end=\"308\">Wine Lip Tint<\/strong> de <strong data-start=\"312\" data-end=\"327\">Man Zi Miao<\/strong> no solo destaca por su presentaci\u00f3n creativa, sino tambi\u00e9n por su f\u00f3rmula ligera y duradera que ti\u00f1e los labios con color intenso y natural. Su textura l\u00edquida se absorbe f\u00e1cilmente, dejando un acabado suave y c\u00f3modo que dura todo el d\u00eda.<\/p>\n<p data-start=\"568\" data-end=\"597\">\ud83c\udf1f <strong data-start=\"571\" data-end=\"597\">Beneficios destacados:<\/strong><\/p>\n<p data-start=\"599\" data-end=\"929\">\u25aa\ufe0f Presentaci\u00f3n original en forma de mini botella de vino.<br data-start=\"657\" data-end=\"660\" \/>\u25aa\ufe0f F\u00f3rmula tipo tinta: liviana, fresca y de secado r\u00e1pido.<br data-start=\"718\" data-end=\"721\" \/>\u25aa\ufe0f Colores vibrantes con efecto natural.<br data-start=\"761\" data-end=\"764\" \/>\u25aa\ufe0f Larga duraci\u00f3n sin necesidad de retoques constantes.<br data-start=\"819\" data-end=\"822\" \/>\u25aa\ufe0f Ideal para looks suaves o efecto &#8220;labios mordidos&#8221;.<br data-start=\"876\" data-end=\"879\" \/>\u25aa\ufe0f F\u00e1cil de llevar en tu cosmetiquera o cartera.<\/p>\n","protected":false},"excerpt":{"rendered":"<h3 data-start=\"936\" data-end=\"1002\">\ud83c\udf77 Tinta de Labios Botella de Vino &#8211; Man Zi Miao<\/h3>\n<p data-start=\"1004\" data-end=\"1123\">\u25aa\ufe0f Tinta ligera de larga duraci\u00f3n.<br data-start=\"1038\" data-end=\"1041\" \/>\u25aa\ufe0f Acabado natural con colores intensos.<br data-start=\"1081\" data-end=\"1084\" \/>\u25aa\ufe0f Presentaci\u00f3n divertida y original.<\/p>\n","protected":false},"featured_media":3940,"comment_status":"open","ping_status":"closed","template":"","meta":{"site-sidebar-layout":"default","site-content-layout":"","ast-site-content-layout":"default","site-content-style":"default","site-sidebar-style":"default","ast-global-header-display":"","ast-banner-title-visibility":"","ast-main-header-display":"","ast-hfb-above-header-display":"","ast-hfb-below-header-display":"","ast-hfb-mobile-header-display":"","site-post-title":"","ast-breadcrumbs-content":"","ast-featured-img":"","footer-sml-layout":"","theme-transparent-header-meta":"default","adv-header-id-meta":"","stick-header-meta":"","header-above-stick-meta":"","header-main-stick-meta":"","header-below-stick-meta":"","astra-migrate-meta-layouts":"set","ast-page-background-enabled":"default","ast-page-background-meta":{"desktop":{"background-color":"var(--ast-global-color-4)","background-image":"","background-repeat":"repeat","background-position":"center center","background-size":"auto","background-attachment":"scroll","background-type":"","background-media":"","overlay-type":"","overlay-color":"","overlay-opacity":"","overlay-gradient":""},"tablet":{"background-color":"","background-image":"","background-repeat":"repeat","background-position":"center center","background-size":"auto","background-attachment":"scroll","background-type":"","background-media":"","overlay-type":"","overlay-color":"","overlay-opacity":"","overlay-gradient":""},"mobile":{"background-color":"","background-image":"","background-repeat":"repeat","background-position":"center center","background-size":"auto","background-attachment":"scroll","background-type":"","background-media":"","overlay-type":"","overlay-color":"","overlay-opacity":"","overlay-gradient":""}},"ast-content-background-meta":{"desktop":{"background-color":"var(--ast-global-color-5)","background-image":"","background-repeat":"repeat","background-position":"center center","background-size":"auto","background-attachment":"scroll","background-type":"","background-media":"","overlay-type":"","overlay-color":"","overlay-opacity":"","overlay-gradient":""},"tablet":{"background-color":"var(--ast-global-color-5)","background-image":"","background-repeat":"repeat","background-position":"center center","background-size":"auto","background-attachment":"scroll","background-type":"","background-media":"","overlay-type":"","overlay-color":"","overlay-opacity":"","overlay-gradient":""},"mobile":{"background-color":"var(--ast-global-color-5)","background-image":"","background-repeat":"repeat","background-position":"center center","background-size":"auto","background-attachment":"scroll","background-type":"","background-media":"","overlay-type":"","overlay-color":"","overlay-opacity":"","overlay-gradient":""}},"advanced_seo_description":"","jetpack_seo_html_title":"","jetpack_seo_noindex":false,"jetpack_post_was_ever_published":false,"_joinchat":[]},"pwb-brand":[395],"product_cat":[38,85],"product_tag":[290,291,292,293,294,295],"class_list":{"0":"post-1812","1":"product","2":"type-product","3":"status-publish","4":"has-post-thumbnail","6":"pwb-brand-man-zi-miao","7":"product_cat-labiales","8":"product_cat-tintas","9":"product_tag-labial-con-buena-pigmentacion","10":"product_tag-labial-en-barra","11":"product_tag-labial-hidratante","12":"product_tag-labial-humectante","13":"product_tag-labial-liquido","14":"product_tag-labial-matte","15":"desktop-align-left","16":"tablet-align-left","17":"mobile-align-left","19":"first","20":"outofstock","21":"sale","22":"taxable","23":"shipping-taxable","24":"purchasable","25":"product-type-variable","26":"add-to-wishlist-after_add_to_cart"},"jetpack_likes_enabled":false,"jetpack_sharing_enabled":true,"brands":[{"id":395,"name":"Man Zi Miao","slug":"man-zi-miao"}],"_links":{"self":[{"href":"https:\/\/www.mmutti.com\/index.php\/wp-json\/wp\/v2\/product\/1812","targetHints":{"allow":["GET"]}}],"collection":[{"href":"https:\/\/www.mmutti.com\/index.php\/wp-json\/wp\/v2\/product"}],"about":[{"href":"https:\/\/www.mmutti.com\/index.php\/wp-json\/wp\/v2\/types\/product"}],"replies":[{"embeddable":true,"href":"https:\/\/www.mmutti.com\/index.php\/wp-json\/wp\/v2\/comments?post=1812"}],"wp:featuredmedia":[{"embeddable":true,"href":"https:\/\/www.mmutti.com\/index.php\/wp-json\/wp\/v2\/media\/3940"}],"wp:attachment":[{"href":"https:\/\/www.mmutti.com\/index.php\/wp-json\/wp\/v2\/media?parent=1812"}],"wp:term":[{"taxonomy":"pwb-brand","embeddable":true,"href":"https:\/\/www.mmutti.com\/index.php\/wp-json\/wp\/v2\/pwb-brand?post=1812"},{"taxonomy":"product_cat","embeddable":true,"href":"https:\/\/www.mmutti.com\/index.php\/wp-json\/wp\/v2\/product_cat?post=1812"},{"taxonomy":"product_tag","embeddable":true,"href":"https:\/\/www.mmutti.com\/index.php\/wp-json\/wp\/v2\/product_tag?post=1812"}],"curies":[{"name":"wp","href":"https:\/\/api.w.org\/{rel}","templated":true}]}}